{"id":111,"date":"2013-10-11T12:51:18","date_gmt":"2013-10-11T10:51:18","guid":{"rendered":"http:\/\/www.aequa.org\/v1\/?page_id=111"},"modified":"2013-10-11T12:51:18","modified_gmt":"2013-10-11T10:51:18","slug":"quienes-somos","status":"publish","type":"page","link":"https:\/\/www.aequa.org\/v1\/index.php\/quienes-somos\/","title":{"rendered":"\u00bfQui\u00e9nes somos?"},"content":{"rendered":"<p>En 1998 un peque\u00f1o grupo de investigadores residentes en la zona que abarca el Valle del Aniene, el Turano y la M\u00e1rsica, o sea aquellas comarcas que lindan con Roma, Rieti y L&#8217; Aquila ( en los confines entre Abruzzo y Lazio) decidieron publicar un folleto en que se reportaban ensayos dedicados a una nueva lectura de esa tierra en la que en tiempos pret\u00e9ritos habit\u00f3 el antiguo pueblo de los Ecuos.<br \/>\nAlentado por el \u00e8xito rotundo con que la publicaci\u00f3n fue acogida por el p\u00fablico, el mismo grupo de apasionados de las memorias nativas, decidi\u00f3seguir adelante con esa iniciativa. El folleto lleg\u00f3 a ser el n\u00famero 0 de la revista trimestral denominada &#8220;Aequa&#8221;, que va a celebrar en 2008 su d\u00e9cimo a\u00f1o de actividad. Adem\u00e1s &#8220;Aequa&#8221; es el \u00f3rgano oficial de la hom\u00f3nima asociaci\u00f3n cultural que se fund\u00f3 aprovechando esa ocasi\u00f3n.<br \/>\nEsta asociaci\u00f3n, cuyo prop\u00f3sito es promover y valorar el patrimonio hist\u00f3rico, art\u00edstico y paisaj\u00edstico del territorio que pertenec\u00eda en tiempos antiguos a los Ecuos, ha dado vida a numerosas iniciativas a lo largo de su decenal actividad: m\u00edtines, manifestaciones, excursiones y publicaciones.<br \/>\nCon la revista &#8220;Aequa&#8221; colaboran varios investigadores quienes en particular se han ocupado concretamente a trav\u00e9s de cientos de art\u00edculos de b\u00fasquedas sobre el territorio de los Ecuos desde distintos puntos de vista, llevando a cabo un gran n\u00famero de investigaciones hist\u00f3ricas, geogr\u00e1ficas, art\u00edsticas, antropol\u00f3gicas, arqueol\u00f3gicas, scient\u00edficas etc\u00e8tera. As\u00ed pues, los estudios publicados en la revista no se limitan a investigar sobre el antiguo pueblo de los Ecuos que vivieron en esta parte de la pen\u00ednsula durante largo tiempo, sino sobre toda la cultura local hasta la actualidad.<br \/>\nPor supuesto el inter\u00e9s primario se concentra sobre todo en nuestros antiqu\u00edsimos antepasados que se aposentaron entre los r\u00edos Aniene y Turano y de los que hicieron menci\u00f3n tambi\u00e9n los escritores de la antigua Grecia. Tal vez descendientes de los Oscos, los Ecuos fundaron algunas ciudades y se defendieron con esp\u00edritu ind\u00f3mito contra la invasi\u00f3n de los Romanos que tomaron de su cultura tambi\u00e9n algunos elementos del derecho.<br \/>\nComo las investigaciones sobre este pueblo siguen pendientes, la asociaci\u00f3n &#8220;Aequa&#8221;, incluso a trav\u00e9s de su propia revista, se ha comprometido a llevar a cabo dichos estudios con vistas a que no caiga en el olvido este inestimable patrimonio propio de nuestra cultura.<\/p>\n<p>(Traduzione di Francesco Bernardini)<\/p>\n","protected":false},"excerpt":{"rendered":"<p>En 1998 un peque\u00f1o grupo de investigadores residentes en la zona que abarca el Valle del Aniene, el Turano y la M\u00e1rsica, o sea aquellas comarcas que lindan con Roma,&#8230;<\/p>\n","protected":false},"author":1,"featured_media":0,"parent":0,"menu_order":0,"comment_status":"open","ping_status":"open","template":"","meta":{"footnotes":""},"class_list":["post-111","page","type-page","status-publish","hentry"],"_links":{"self":[{"href":"https:\/\/www.aequa.org\/v1\/index.php\/wp-json\/wp\/v2\/pages\/111","targetHints":{"allow":["GET"]}}],"collection":[{"href":"https:\/\/www.aequa.org\/v1\/index.php\/wp-json\/wp\/v2\/pages"}],"about":[{"href":"https:\/\/www.aequa.org\/v1\/index.php\/wp-json\/wp\/v2\/types\/page"}],"author":[{"embeddable":true,"href":"https:\/\/www.aequa.org\/v1\/index.php\/wp-json\/wp\/v2\/users\/1"}],"replies":[{"embeddable":true,"href":"https:\/\/www.aequa.org\/v1\/index.php\/wp-json\/wp\/v2\/comments?post=111"}],"version-history":[{"count":1,"href":"https:\/\/www.aequa.org\/v1\/index.php\/wp-json\/wp\/v2\/pages\/111\/revisions"}],"predecessor-version":[{"id":112,"href":"https:\/\/www.aequa.org\/v1\/index.php\/wp-json\/wp\/v2\/pages\/111\/revisions\/112"}],"wp:attachment":[{"href":"https:\/\/www.aequa.org\/v1\/index.php\/wp-json\/wp\/v2\/media?parent=111"}],"curies":[{"name":"wp","href":"https:\/\/api.w.org\/{rel}","templated":true}]}}